{"id":569,"date":"2022-11-27T12:59:30","date_gmt":"2022-11-27T11:59:30","guid":{"rendered":"https:\/\/psycholog-dzieciecy.com\/psycholog-dzieciecy\/?page_id=569"},"modified":"2022-11-27T13:05:59","modified_gmt":"2022-11-27T12:05:59","slug":"dorosli","status":"publish","type":"page","link":"https:\/\/psycholog-dzieciecy.com\/psycholog-dzieciecy\/dorosli\/","title":{"rendered":"Doro\u015bli"},"content":{"rendered":"\t\t<div data-elementor-type=\"wp-page\" data-elementor-id=\"569\" class=\"elementor elementor-569\">\n\t\t\t\t\t\t<section class=\"elementor-section elementor-top-section elementor-element elementor-element-2d342491 elementor-section-boxed elementor-section-height-default elementor-section-height-default\" data-id=\"2d342491\" data-element_type=\"section\">\n\t\t\t\t\t\t<div class=\"elementor-container elementor-column-gap-default\">\n\t\t\t\t\t<div class=\"elementor-column elementor-col-100 elementor-top-column elementor-element elementor-element-76d0fc40\" data-id=\"76d0fc40\" data-element_type=\"column\">\n\t\t\t<div class=\"elementor-widget-wrap elementor-element-populated\">\n\t\t\t\t\t\t<div class=\"elementor-element elementor-element-33b165b6 elementor-widget elementor-widget-text-editor\" data-id=\"33b165b6\" data-element_type=\"widget\" data-widget_type=\"text-editor.default\">\n\t\t\t\t<div class=\"elementor-widget-container\">\n\t\t\t\t\t\t\t\t\t\n<div id=\"wp-block-themeisle-blocks-advanced-columns-4a3cabfd\" class=\"wp-block-themeisle-blocks-advanced-columns has-0-columns has-desktop-undefined-layout has-tablet-equal-layout has-mobile-equal-layout has-vertical-unset\"><div class=\"wp-block-themeisle-blocks-advanced-columns-overlay\"><\/div><div class=\"innerblocks-wrap\"><\/div><\/div>\n\t\t\t\t\t\t\t\t<\/div>\n\t\t\t\t<\/div>\n\t\t\t\t\t<\/div>\n\t\t<\/div>\n\t\t\t\t\t<\/div>\n\t\t<\/section>\n\t\t\t\t<section class=\"elementor-section elementor-top-section elementor-element elementor-element-26c088d elementor-section-boxed elementor-section-height-default elementor-section-height-default\" data-id=\"26c088d\" data-element_type=\"section\">\n\t\t\t\t\t\t<div class=\"elementor-container elementor-column-gap-default\">\n\t\t\t\t\t<div class=\"elementor-column elementor-col-100 elementor-top-column elementor-element elementor-element-1e182f9\" data-id=\"1e182f9\" data-element_type=\"column\">\n\t\t\t<div class=\"elementor-widget-wrap elementor-element-populated\">\n\t\t\t\t\t\t<div class=\"elementor-element elementor-element-4a7dead elementor-widget elementor-widget-heading\" data-id=\"4a7dead\" data-element_type=\"widget\" data-widget_type=\"heading.default\">\n\t\t\t\t<div class=\"elementor-widget-container\">\n\t\t\t\t\t<h2 class=\"elementor-heading-title elementor-size-default\">Doro\u015bli<\/h2>\t\t\t\t<\/div>\n\t\t\t\t<\/div>\n\t\t\t\t\t<\/div>\n\t\t<\/div>\n\t\t\t\t\t<\/div>\n\t\t<\/section>\n\t\t\t\t<section class=\"elementor-section elementor-top-section elementor-element elementor-element-89999b8 elementor-section-boxed elementor-section-height-default elementor-section-height-default\" data-id=\"89999b8\" data-element_type=\"section\">\n\t\t\t\t\t\t<div class=\"elementor-container elementor-column-gap-default\">\n\t\t\t\t\t<div class=\"elementor-column elementor-col-100 elementor-top-column elementor-element elementor-element-a84d4a0\" data-id=\"a84d4a0\" data-element_type=\"column\">\n\t\t\t<div class=\"elementor-widget-wrap elementor-element-populated\">\n\t\t\t\t\t\t<div class=\"elementor-element elementor-element-d5c6949 elementor-widget elementor-widget-text-editor\" data-id=\"d5c6949\" data-element_type=\"widget\" data-widget_type=\"text-editor.default\">\n\t\t\t\t<div class=\"elementor-widget-container\">\n\t\t\t\t\t\t\t\t\t<p>Zapraszamy osoby, kt\u00f3rym \u017cycie utrudnia l\u0119k (l\u0119k uog\u00f3lniony, l\u0119k o zdrowie, ataki paniki, kompulsje, fobie, l\u0119k spo\u0142eczny, l\u0119k po traumie), depresja, zaburzenia nawyk\u00f3w (m.in. zaburzenia od\u017cywiania) lub stres.<\/p>\n<p>Specjalizujemy si\u0119 r\u00f3wnie\u017c w leczeniu zaburze\u0144 somatyzacyjnych, w kt\u00f3rych cia\u0142o wyra\u017ca napi\u0119cia i problemy oraz w leczeniu zaburze\u0144 snu.<\/p>\n<p>Kierujemy te\u017c uwag\u0119 na osoby, kt\u00f3re chc\u0105 lepiej siebie rozumie\u0107 i rozwija\u0107 si\u0119.<\/p>\n<p>Proponujemy terapi\u0119 kr\u00f3tkoterminow\u0105, kt\u00f3ra trwa od kilku do 20 spotka\u0144. Skupiamy si\u0119 na zg\u0142aszanym przez Pa\u0144stwa problemie i pracujemy nad jego rozwi\u0105zaniem.<\/p>\n<p>Prowadzimy rehabilitacj\u0119 psychologiczn\u0105 funkcji poznawczych w chorobach neurologicznych oraz wt\u00f3rn\u0105 profilaktyk\u0119 zdrowotn\u0105 po schorzeniach kardiologicznych.<\/p>\n<p>Proponujemy organizacj\u0119 grup wsparcia oraz umiej\u0119tno\u015bci dla rodzic\u00f3w.<\/p>\t\t\t\t\t\t\t\t<\/div>\n\t\t\t\t<\/div>\n\t\t\t\t\t<\/div>\n\t\t<\/div>\n\t\t\t\t\t<\/div>\n\t\t<\/section>\n\t\t\t\t<\/div>\n\t\t","protected":false},"excerpt":{"rendered":"<p>Doro\u015bli Zapraszamy osoby, kt\u00f3rym \u017cycie utrudnia l\u0119k (l\u0119k uog\u00f3lniony, l\u0119k o zdrowie, ataki paniki, kompulsje, fobie, l\u0119k spo\u0142eczny, l\u0119k po traumie), depresja, zaburzenia nawyk\u00f3w (m.in. zaburzenia od\u017cywiania) lub stres. Specjalizujemy si\u0119 r\u00f3wnie\u017c w leczeniu zaburze\u0144 somatyzacyjnych, w kt\u00f3rych cia\u0142o wyra\u017ca napi\u0119cia i problemy oraz w leczeniu zaburze\u0144 snu. Kierujemy te\u017c uwag\u0119 na osoby, kt\u00f3re chc\u0105 [&hellip;]<\/p>\n","protected":false},"author":1,"featured_media":402,"parent":0,"menu_order":0,"comment_status":"closed","ping_status":"closed","template":"","meta":{"zakra_sidebar_layout":"customizer","zakra_remove_content_margin":false,"zakra_sidebar":"customizer","zakra_transparent_header":"customizer","zakra_logo":509,"zakra_main_header_style":"default","zakra_menu_item_color":"","zakra_menu_item_hover_color":"","zakra_menu_item_active_color":"","zakra_menu_active_style":"","zakra_page_header":false,"_themeisle_gutenberg_block_has_review":false,"footnotes":""},"class_list":["post-569","page","type-page","status-publish","has-post-thumbnail","hentry"],"yoast_head":"\n<title>Doro\u015bli - Psycholog Dzieci\u0119cy Toru\u0144<\/title>\n<meta name=\"description\" content=\"Pacjenci doro\u015bli z r\u00f3\u017cnymi zaburzeniami i problemami, obejmuj\u0105cymi niestabilno\u015b\u0107 nastroj\u00f3w, trudne problemy \u017cyciowe, l\u0119k, depresje\" \/>\n<meta name=\"robots\" content=\"index, follow, max-snippet:-1, max-image-preview:large, max-video-preview:-1\" \/>\n<link rel=\"canonical\" href=\"https:\/\/psycholog-dzieciecy.com\/psycholog-dzieciecy\/dorosli\/\" \/>\n<meta property=\"og:locale\" content=\"pl_PL\" \/>\n<meta property=\"og:type\" content=\"article\" \/>\n<meta property=\"og:title\" content=\"Doro\u015bli - Psycholog Dzieci\u0119cy Toru\u0144\" \/>\n<meta property=\"og:description\" content=\"Pacjenci doro\u015bli z r\u00f3\u017cnymi zaburzeniami i problemami, obejmuj\u0105cymi niestabilno\u015b\u0107 nastroj\u00f3w, trudne problemy \u017cyciowe, l\u0119k, depresje\" \/>\n<meta property=\"og:url\" content=\"https:\/\/psycholog-dzieciecy.com\/psycholog-dzieciecy\/dorosli\/\" \/>\n<meta property=\"og:site_name\" content=\"Psycholog Dzieci\u0119cy Toru\u0144\" \/>\n<meta property=\"article:modified_time\" content=\"2022-11-27T12:05:59+00:00\" \/>\n<meta property=\"og:image\" content=\"https:\/\/psycholog-dzieciecy.com\/psycholog-dzieciecy\/wp-content\/uploads\/2022\/11\/woman-2094172_edited.jpg\" \/>\n\t<meta property=\"og:image:width\" content=\"1600\" \/>\n\t<meta property=\"og:image:height\" content=\"1067\" \/>\n\t<meta property=\"og:image:type\" content=\"image\/jpeg\" \/>\n<meta name=\"twitter:card\" content=\"summary_large_image\" \/>\n<meta name=\"twitter:label1\" content=\"Szacowany czas czytania\" \/>\n\t<meta name=\"twitter:data1\" content=\"1 minuta\" \/>\n<script type=\"application\/ld+json\" class=\"yoast-schema-graph\">{\"@context\":\"https:\/\/schema.org\",\"@graph\":[{\"@type\":[\"WebPage\",\"QAPage\"],\"@id\":\"https:\/\/psycholog-dzieciecy.com\/psycholog-dzieciecy\/dorosli\/\",\"url\":\"https:\/\/psycholog-dzieciecy.com\/psycholog-dzieciecy\/dorosli\/\",\"name\":\"Doro\u015bli - Psycholog Dzieci\u0119cy Toru\u0144\",\"isPartOf\":{\"@id\":\"https:\/\/psycholog-dzieciecy.com\/psycholog-dzieciecy\/#website\"},\"primaryImageOfPage\":{\"@id\":\"https:\/\/psycholog-dzieciecy.com\/psycholog-dzieciecy\/dorosli\/#primaryimage\"},\"image\":{\"@id\":\"https:\/\/psycholog-dzieciecy.com\/psycholog-dzieciecy\/dorosli\/#primaryimage\"},\"thumbnailUrl\":\"https:\/\/psycholog-dzieciecy.com\/psycholog-dzieciecy\/wp-content\/uploads\/2022\/11\/woman-2094172_edited.jpg\",\"datePublished\":\"2022-11-27T11:59:30+00:00\",\"dateModified\":\"2022-11-27T12:05:59+00:00\",\"description\":\"Pacjenci doro\u015bli z r\u00f3\u017cnymi zaburzeniami i problemami, obejmuj\u0105cymi niestabilno\u015b\u0107 nastroj\u00f3w, trudne problemy \u017cyciowe, l\u0119k, depresje\",\"breadcrumb\":{\"@id\":\"https:\/\/psycholog-dzieciecy.com\/psycholog-dzieciecy\/dorosli\/#breadcrumb\"},\"inLanguage\":\"pl-PL\",\"potentialAction\":[{\"@type\":\"ReadAction\",\"target\":[\"https:\/\/psycholog-dzieciecy.com\/psycholog-dzieciecy\/dorosli\/\"]}]},{\"@type\":\"ImageObject\",\"inLanguage\":\"pl-PL\",\"@id\":\"https:\/\/psycholog-dzieciecy.com\/psycholog-dzieciecy\/dorosli\/#primaryimage\",\"url\":\"https:\/\/psycholog-dzieciecy.com\/psycholog-dzieciecy\/wp-content\/uploads\/2022\/11\/woman-2094172_edited.jpg\",\"contentUrl\":\"https:\/\/psycholog-dzieciecy.com\/psycholog-dzieciecy\/wp-content\/uploads\/2022\/11\/woman-2094172_edited.jpg\",\"width\":1600,\"height\":1067},{\"@type\":\"BreadcrumbList\",\"@id\":\"https:\/\/psycholog-dzieciecy.com\/psycholog-dzieciecy\/dorosli\/#breadcrumb\",\"itemListElement\":[{\"@type\":\"ListItem\",\"position\":1,\"name\":\"Strona g\u0142\u00f3wna\",\"item\":\"https:\/\/psycholog-dzieciecy.com\/psycholog-dzieciecy\/\"},{\"@type\":\"ListItem\",\"position\":2,\"name\":\"Doro\u015bli\"}]},{\"@type\":\"WebSite\",\"@id\":\"https:\/\/psycholog-dzieciecy.com\/psycholog-dzieciecy\/#website\",\"url\":\"https:\/\/psycholog-dzieciecy.com\/psycholog-dzieciecy\/\",\"name\":\"Psycholog Dzieci\u0119cy Toru\u0144\",\"description\":\"Poradnia psychologiczna - Toru\u0144\",\"publisher\":{\"@id\":\"https:\/\/psycholog-dzieciecy.com\/psycholog-dzieciecy\/#organization\"},\"alternateName\":\"Poradnia psychologiczna dla dzieci i m\u0142odzie\u017cy\",\"potentialAction\":[{\"@type\":\"SearchAction\",\"target\":{\"@type\":\"EntryPoint\",\"urlTemplate\":\"https:\/\/psycholog-dzieciecy.com\/psycholog-dzieciecy\/?s={search_term_string}\"},\"query-input\":{\"@type\":\"PropertyValueSpecification\",\"valueRequired\":true,\"valueName\":\"search_term_string\"}}],\"inLanguage\":\"pl-PL\"},{\"@type\":\"Organization\",\"@id\":\"https:\/\/psycholog-dzieciecy.com\/psycholog-dzieciecy\/#organization\",\"name\":\"Psycholog Dzieci\u0119cy Toru\u0144\",\"url\":\"https:\/\/psycholog-dzieciecy.com\/psycholog-dzieciecy\/\",\"logo\":{\"@type\":\"ImageObject\",\"inLanguage\":\"pl-PL\",\"@id\":\"https:\/\/psycholog-dzieciecy.com\/psycholog-dzieciecy\/#\/schema\/logo\/image\/\",\"url\":\"https:\/\/psycholog-dzieciecy.com\/psycholog-dzieciecy\/wp-content\/uploads\/2022\/11\/cropped-cropped-cropped-logo-aga-nowe-1.webp\",\"contentUrl\":\"https:\/\/psycholog-dzieciecy.com\/psycholog-dzieciecy\/wp-content\/uploads\/2022\/11\/cropped-cropped-cropped-logo-aga-nowe-1.webp\",\"width\":740,\"height\":262,\"caption\":\"Psycholog Dzieci\u0119cy Toru\u0144\"},\"image\":{\"@id\":\"https:\/\/psycholog-dzieciecy.com\/psycholog-dzieciecy\/#\/schema\/logo\/image\/\"}}]}<\/script>\n","yoast_head_json":{"title":"Doro\u015bli - Psycholog Dzieci\u0119cy Toru\u0144","description":"Pacjenci doro\u015bli z r\u00f3\u017cnymi zaburzeniami i problemami, obejmuj\u0105cymi niestabilno\u015b\u0107 nastroj\u00f3w, trudne problemy \u017cyciowe, l\u0119k, depresje","robots":{"index":"index","follow":"follow","max-snippet":"max-snippet:-1","max-image-preview":"max-image-preview:large","max-video-preview":"max-video-preview:-1"},"canonical":"https:\/\/psycholog-dzieciecy.com\/psycholog-dzieciecy\/dorosli\/","og_locale":"pl_PL","og_type":"article","og_title":"Doro\u015bli - Psycholog Dzieci\u0119cy Toru\u0144","og_description":"Pacjenci doro\u015bli z r\u00f3\u017cnymi zaburzeniami i problemami, obejmuj\u0105cymi niestabilno\u015b\u0107 nastroj\u00f3w, trudne problemy \u017cyciowe, l\u0119k, depresje","og_url":"https:\/\/psycholog-dzieciecy.com\/psycholog-dzieciecy\/dorosli\/","og_site_name":"Psycholog Dzieci\u0119cy Toru\u0144","article_modified_time":"2022-11-27T12:05:59+00:00","og_image":[{"width":1600,"height":1067,"url":"https:\/\/psycholog-dzieciecy.com\/psycholog-dzieciecy\/wp-content\/uploads\/2022\/11\/woman-2094172_edited.jpg","type":"image\/jpeg"}],"twitter_card":"summary_large_image","twitter_misc":{"Szacowany czas czytania":"1 minuta"},"schema":{"@context":"https:\/\/schema.org","@graph":[{"@type":["WebPage","QAPage"],"@id":"https:\/\/psycholog-dzieciecy.com\/psycholog-dzieciecy\/dorosli\/","url":"https:\/\/psycholog-dzieciecy.com\/psycholog-dzieciecy\/dorosli\/","name":"Doro\u015bli - Psycholog Dzieci\u0119cy Toru\u0144","isPartOf":{"@id":"https:\/\/psycholog-dzieciecy.com\/psycholog-dzieciecy\/#website"},"primaryImageOfPage":{"@id":"https:\/\/psycholog-dzieciecy.com\/psycholog-dzieciecy\/dorosli\/#primaryimage"},"image":{"@id":"https:\/\/psycholog-dzieciecy.com\/psycholog-dzieciecy\/dorosli\/#primaryimage"},"thumbnailUrl":"https:\/\/psycholog-dzieciecy.com\/psycholog-dzieciecy\/wp-content\/uploads\/2022\/11\/woman-2094172_edited.jpg","datePublished":"2022-11-27T11:59:30+00:00","dateModified":"2022-11-27T12:05:59+00:00","description":"Pacjenci doro\u015bli z r\u00f3\u017cnymi zaburzeniami i problemami, obejmuj\u0105cymi niestabilno\u015b\u0107 nastroj\u00f3w, trudne problemy \u017cyciowe, l\u0119k, depresje","breadcrumb":{"@id":"https:\/\/psycholog-dzieciecy.com\/psycholog-dzieciecy\/dorosli\/#breadcrumb"},"inLanguage":"pl-PL","potentialAction":[{"@type":"ReadAction","target":["https:\/\/psycholog-dzieciecy.com\/psycholog-dzieciecy\/dorosli\/"]}]},{"@type":"ImageObject","inLanguage":"pl-PL","@id":"https:\/\/psycholog-dzieciecy.com\/psycholog-dzieciecy\/dorosli\/#primaryimage","url":"https:\/\/psycholog-dzieciecy.com\/psycholog-dzieciecy\/wp-content\/uploads\/2022\/11\/woman-2094172_edited.jpg","contentUrl":"https:\/\/psycholog-dzieciecy.com\/psycholog-dzieciecy\/wp-content\/uploads\/2022\/11\/woman-2094172_edited.jpg","width":1600,"height":1067},{"@type":"BreadcrumbList","@id":"https:\/\/psycholog-dzieciecy.com\/psycholog-dzieciecy\/dorosli\/#breadcrumb","itemListElement":[{"@type":"ListItem","position":1,"name":"Strona g\u0142\u00f3wna","item":"https:\/\/psycholog-dzieciecy.com\/psycholog-dzieciecy\/"},{"@type":"ListItem","position":2,"name":"Doro\u015bli"}]},{"@type":"WebSite","@id":"https:\/\/psycholog-dzieciecy.com\/psycholog-dzieciecy\/#website","url":"https:\/\/psycholog-dzieciecy.com\/psycholog-dzieciecy\/","name":"Psycholog Dzieci\u0119cy Toru\u0144","description":"Poradnia psychologiczna - Toru\u0144","publisher":{"@id":"https:\/\/psycholog-dzieciecy.com\/psycholog-dzieciecy\/#organization"},"alternateName":"Poradnia psychologiczna dla dzieci i m\u0142odzie\u017cy","potentialAction":[{"@type":"SearchAction","target":{"@type":"EntryPoint","urlTemplate":"https:\/\/psycholog-dzieciecy.com\/psycholog-dzieciecy\/?s={search_term_string}"},"query-input":{"@type":"PropertyValueSpecification","valueRequired":true,"valueName":"search_term_string"}}],"inLanguage":"pl-PL"},{"@type":"Organization","@id":"https:\/\/psycholog-dzieciecy.com\/psycholog-dzieciecy\/#organization","name":"Psycholog Dzieci\u0119cy Toru\u0144","url":"https:\/\/psycholog-dzieciecy.com\/psycholog-dzieciecy\/","logo":{"@type":"ImageObject","inLanguage":"pl-PL","@id":"https:\/\/psycholog-dzieciecy.com\/psycholog-dzieciecy\/#\/schema\/logo\/image\/","url":"https:\/\/psycholog-dzieciecy.com\/psycholog-dzieciecy\/wp-content\/uploads\/2022\/11\/cropped-cropped-cropped-logo-aga-nowe-1.webp","contentUrl":"https:\/\/psycholog-dzieciecy.com\/psycholog-dzieciecy\/wp-content\/uploads\/2022\/11\/cropped-cropped-cropped-logo-aga-nowe-1.webp","width":740,"height":262,"caption":"Psycholog Dzieci\u0119cy Toru\u0144"},"image":{"@id":"https:\/\/psycholog-dzieciecy.com\/psycholog-dzieciecy\/#\/schema\/logo\/image\/"}}]}},"_links":{"self":[{"href":"https:\/\/psycholog-dzieciecy.com\/psycholog-dzieciecy\/wp-json\/wp\/v2\/pages\/569","targetHints":{"allow":["GET"]}}],"collection":[{"href":"https:\/\/psycholog-dzieciecy.com\/psycholog-dzieciecy\/wp-json\/wp\/v2\/pages"}],"about":[{"href":"https:\/\/psycholog-dzieciecy.com\/psycholog-dzieciecy\/wp-json\/wp\/v2\/types\/page"}],"author":[{"embeddable":true,"href":"https:\/\/psycholog-dzieciecy.com\/psycholog-dzieciecy\/wp-json\/wp\/v2\/users\/1"}],"replies":[{"embeddable":true,"href":"https:\/\/psycholog-dzieciecy.com\/psycholog-dzieciecy\/wp-json\/wp\/v2\/comments?post=569"}],"version-history":[{"count":8,"href":"https:\/\/psycholog-dzieciecy.com\/psycholog-dzieciecy\/wp-json\/wp\/v2\/pages\/569\/revisions"}],"predecessor-version":[{"id":577,"href":"https:\/\/psycholog-dzieciecy.com\/psycholog-dzieciecy\/wp-json\/wp\/v2\/pages\/569\/revisions\/577"}],"wp:featuredmedia":[{"embeddable":true,"href":"https:\/\/psycholog-dzieciecy.com\/psycholog-dzieciecy\/wp-json\/wp\/v2\/media\/402"}],"wp:attachment":[{"href":"https:\/\/psycholog-dzieciecy.com\/psycholog-dzieciecy\/wp-json\/wp\/v2\/media?parent=569"}],"curies":[{"name":"wp","href":"https:\/\/api.w.org\/{rel}","templated":true}]}}